{"id":7,"date":"2021-12-29T11:35:05","date_gmt":"2021-12-29T10:35:05","guid":{"rendered":"http:\/\/andarta-finance.fr\/?page_id=7"},"modified":"2024-05-13T16:13:14","modified_gmt":"2024-05-13T14:13:14","slug":"a-propos-de","status":"publish","type":"page","link":"https:\/\/andarta-finance.fr\/?page_id=7","title":{"rendered":"Notre \u00e9quipe"},"content":{"rendered":"\t\t<div data-elementor-type=\"wp-page\" data-elementor-id=\"7\" class=\"elementor elementor-7\">\n\t\t\t\t\t\t\t<div class=\"elementor-element elementor-element-135b489a e-flex e-con-boxed e-con e-parent\" data-id=\"135b489a\" data-element_type=\"container\" data-settings=\"{&quot;content_width&quot;:&quot;boxed&quot;}\" data-core-v316-plus=\"true\">\n\t\t\t\t\t<div class=\"e-con-inner\">\n\t\t\t\t<div class=\"elementor-element elementor-element-1eb5e921 elementor-widget elementor-widget-text-editor\" data-id=\"1eb5e921\" data-element_type=\"widget\" data-widget_type=\"text-editor.default\">\n\t\t\t\t<div class=\"elementor-widget-container\">\n\t\t\t<style>\/*! elementor - v3.17.0 - 08-11-2023 *\/\n.elementor-widget-text-editor.elementor-drop-cap-view-stacked .elementor-drop-cap{background-color:#69727d;color:#fff}.elementor-widget-text-editor.elementor-drop-cap-view-framed .elementor-drop-cap{color:#69727d;border:3px solid;background-color:transparent}.elementor-widget-text-editor:not(.elementor-drop-cap-view-default) .elementor-drop-cap{margin-top:8px}.elementor-widget-text-editor:not(.elementor-drop-cap-view-default) .elementor-drop-cap-letter{width:1em;height:1em}.elementor-widget-text-editor .elementor-drop-cap{float:left;text-align:center;line-height:1;font-size:50px}.elementor-widget-text-editor .elementor-drop-cap-letter{display:inline-block}<\/style>\t\t\t\t<p><!-- wp:heading --><\/p>\n<h2 class=\"wp-block-heading\"><strong><span class=\"has-inline-color\" style=\"color: #677d3f;\">INTERVENANTE<\/span><\/strong><\/h2>\n<p><!-- \/wp:heading --><\/p>\n<p><!-- wp:media-text {\"align\":\"wide\",\"mediaId\":49,\"mediaType\":\"image\",\"className\":\"alignwide\"} --><\/p>\n<div class=\"wp-block-media-text alignwide is-stacked-on-mobile\">\n<figure class=\"wp-block-media-text__media\"><img decoding=\"async\" width=\"233\" height=\"204\" class=\"wp-image-49 size-full alignleft\" src=\"https:\/\/andarta-finance.fr\/wp-content\/uploads\/2022\/01\/Photo-Nadia-3.png\" alt=\"\" \/><\/figure>\n<div class=\"wp-block-media-text__content\">\n<p><!-- wp:paragraph --><\/p>\n<p><strong>Nadia DONATI<\/strong><\/p>\n<p><!-- \/wp:paragraph --><\/p>\n<p><!-- wp:paragraph --><\/p>\n<p>Consultante, 54 ans<\/p>\n<p><!-- \/wp:paragraph --><\/p>\n<p><!-- wp:paragraph --><\/p>\n<p>N\u00e9e \u00e0 Paris le 22\/05\/1970<\/p>\n<p><!-- \/wp:paragraph --><\/p>\n<p><!-- wp:paragraph --><\/p>\n<p>nadia.donati@andarta-finance.fr<\/p>\n<p><!-- \/wp:paragraph --><\/p>\n<\/div>\n<\/div>\n<p><!-- \/wp:media-text --><\/p>\n<p><!-- wp:paragraph --><\/p>\n<p><strong>FORMATION<\/strong><\/p>\n<p><!-- \/wp:paragraph --><\/p>\n<p><!-- wp:paragraph --><\/p>\n<p>\u2022 Docteur en Economie, Universit\u00e9 Paris-I Panth\u00e9on- Sorbonne (1998).<\/p>\n<p><!-- \/wp:paragraph --><\/p>\n<p><!-- wp:paragraph --><\/p>\n<p>\u2022 D.E.A. d\u2019Economie Math\u00e9matique et d\u2019Econom\u00e9trie, Universit\u00e9 Paris I (1994)<\/p>\n<p><!-- \/wp:paragraph --><\/p>\n<p><!-- wp:paragraph --><\/p>\n<p><strong>PARCOURS PROFESSIONNEL<\/strong><\/p>\n<p><!-- \/wp:paragraph --><\/p>\n<p><!-- wp:paragraph --><\/p>\n<p>\u2022 Depuis 2011 : g\u00e9rante du cabinet Andarta<\/p>\n<p><!-- \/wp:paragraph --><\/p>\n<p><!-- wp:paragraph --><\/p>\n<p>\u2022 2009 &#8211; 2011 : consultante senior associ\u00e9e au cabinet Stratorial Finances.<\/p>\n<p><!-- \/wp:paragraph --><\/p>\n<p><!-- wp:paragraph --><\/p>\n<p>\u2022 1998 &#8211; 2009 : consultante senior associ\u00e9e au cabinet Finance Consult.<\/p>\n<p><!-- \/wp:paragraph --><\/p>\n<p><!-- wp:separator {\"opacity\":\"css\",\"className\":\"is-style-wide\"} --><\/p>\n<hr class=\"wp-block-separator has-css-opacity is-style-wide\" \/>\n<p><!-- \/wp:separator --><\/p>\n<p><!-- wp:paragraph --><\/p>\n<p>Nadia DONATI est consultante financi\u00e8re aupr\u00e8s des collectivit\u00e9s locales depuis 1998.<\/p>\n<p><!-- \/wp:paragraph --><\/p>\n<p><!-- wp:paragraph --><\/p>\n<p>Elle est responsable du cabinet Andarta depuis 2011.<\/p>\n<p><!-- \/wp:paragraph --><\/p>\n<p><!-- wp:paragraph --><\/p>\n<p><strong>PUBLICATIONS ET INTERVENTIONS<\/strong><\/p>\n<p><!-- \/wp:paragraph --><\/p>\n<p><!-- wp:paragraph --><\/p>\n<p>\u2022 \u00ab <em>Impact juridique de la redevance incitative d\u2019enl\u00e8vement des ordures m\u00e9nag\u00e8res dites incitative <\/em>\u00bb , Etude de Nadia Donati et Ma\u00eetre Blaise Eglie-Richters (SCP Sartorio et Associ\u00e9s), La Semaine Juridique, 23 novembre 2009, n\u00b048.<\/p>\n<p><!-- \/wp:paragraph --><\/p>\n<p><!-- wp:paragraph --><\/p>\n<p>\u2022 Interventions sur la gestion des projets publics en Master 2 \u00e0 l\u2019Universit\u00e9 de Franche \u2013 Comt\u00e9.<\/p>\n<p><!-- \/wp:paragraph --><\/p>\n<p><!-- wp:paragraph --><\/p>\n<p>\u2022\u00a0 Interventions dans le cadre de colloques ou groupes de travail organis\u00e9es par l\u2019association AMORCE. Participation aux comit\u00e9s de relecture des guides juridiques et fiscaux.<\/p>\n<p><!-- \/wp:paragraph --><\/p>\n<p><!-- wp:nextpage --><br \/><!--nextpage--><br \/><!-- \/wp:nextpage --><\/p>\n<p><!-- wp:heading --><\/p>\n<h2 class=\"wp-block-heading\"><strong><span class=\"has-inline-color\" style=\"color: #688042;\">COLLABORATEURS<\/span><\/strong><\/h2>\n<p><!-- \/wp:heading --><\/p>\n<p><!-- wp:media-text {\"align\":\"wide\",\"mediaId\":140,\"mediaLink\":\"https:\/\/andarta-finance.fr\/?attachment_id=140\",\"mediaType\":\"image\",\"mediaWidth\":32,\"imageFill\":false,\"className\":\"alignwide\"} --><\/p>\n<div class=\"wp-block-media-text alignwide is-stacked-on-mobile\" style=\"grid-template-columns: 32% auto;\">\n<figure class=\"wp-block-media-text__media\"><img decoding=\"async\" class=\"wp-image-140 alignleft\" src=\"https:\/\/andarta-finance.fr\/wp-content\/uploads\/2024\/04\/Photo-pro-carre-Copie-726x1024.png\" alt=\"\" width=\"182\" height=\"256\" srcset=\"https:\/\/andarta-finance.fr\/wp-content\/uploads\/2024\/04\/Photo-pro-carre-Copie-726x1024.png 726w, https:\/\/andarta-finance.fr\/wp-content\/uploads\/2024\/04\/Photo-pro-carre-Copie-213x300.png 213w, https:\/\/andarta-finance.fr\/wp-content\/uploads\/2024\/04\/Photo-pro-carre-Copie-768x1084.png 768w, https:\/\/andarta-finance.fr\/wp-content\/uploads\/2024\/04\/Photo-pro-carre-Copie-1089x1536.png 1089w, https:\/\/andarta-finance.fr\/wp-content\/uploads\/2024\/04\/Photo-pro-carre-Copie-1452x2048.png 1452w\" sizes=\"(max-width: 182px) 100vw, 182px\" \/><\/figure>\n<div class=\"wp-block-media-text__content\">\n<p><!-- wp:paragraph --><\/p>\n<p><strong>Cl\u00e9lia BREAUD<\/strong><\/p>\n<p><!-- \/wp:paragraph --><\/p>\n<p><!-- wp:paragraph --><\/p>\n<p>Assistante, 22 ans<\/p>\n<p><!-- \/wp:paragraph --><\/p>\n<p><!-- wp:paragraph --><\/p>\n<p>N\u00e9e \u00e0 Paris le 03\/06\/2001<\/p>\n<p><!-- \/wp:paragraph --><\/p>\n<\/div>\n<\/div>\n<p><!-- \/wp:media-text --><\/p>\n<p><!-- wp:paragraph --><\/p>\n<p>Cl\u00e9lia BREAUD est assistante et webmaster \u00e0 temps partiel au sein du cabinet ANDARTA depuis novembre 2021.<\/p>\n<p><!-- \/wp:paragraph --><\/p>\n<p><!-- wp:nextpage --><br \/><!--nextpage--><br \/><!-- \/wp:nextpage --><\/p>\n<p><!-- wp:heading {\"level\":1} --><\/p>\n<h1 class=\"wp-block-heading\"><strong><span class=\"has-inline-color\" style=\"color: #738344;\">MOYENS <\/span><span class=\"has-inline-color\" style=\"color: #6e8344;\">TECHNIQUES<\/span><\/strong><\/h1>\n<p><!-- \/wp:heading --><\/p>\n<p><!-- wp:paragraph --><\/p>\n<p><strong>Moyens techniques<\/strong> <br \/>&#8211; 2 ordinateurs portables <br \/>&#8211; 1 ordinateur fixe <br \/>&#8211; Acc\u00e8s Internet haut-d\u00e9bit (fibre optique) <br \/>&#8211; 2 imprimantes avec scanneur couleur <br \/>&#8211; 1 vid\u00e9oprojecteur <br \/>&#8211; Logiciel de travail : Microsoft Office <br \/>&#8211; Logiciels visio-conf\u00e9rence : Microsoft Teams <br \/>&#8211; Webcam avec micro int\u00e9gr\u00e9 <br \/>&#8211; Antivirus : Bitdefender <br \/>&#8211; Dispositif de surveillance des locaux Verisure<\/p>\n<p><!-- \/wp:paragraph --><\/p>\n<p><!-- wp:paragraph --><\/p>\n<p><strong>R\u00e9seau de partenaires<\/strong><\/p>\n<p><!-- \/wp:paragraph --><\/p>\n<p><!-- wp:paragraph --><\/p>\n<p>Le cabinet travaille en relation avec un r\u00e9seau de partenaires : <br \/>&#8211; Bureaux d\u2019Etudes Techniques : Nald\u00e9o, Elcima\u00ef, Ecog\u00e9os, Trident \u2026 <br \/>&#8211; Avocats en Droit Public : Cabinet Landot, Sensei Avocats, Cabinet Pierre Pintat, CMS Francis Lefebvre, \u2026 <br \/>&#8211; Andarta est adh\u00e9rente \u00e0 l\u2019association AMORCE<\/p>\n<p><!-- \/wp:paragraph --><\/p>\n<p><!-- wp:image {\"id\":50,\"sizeSlug\":\"large\"} --><\/p>\n<figure class=\"wp-block-image size-large\"><img decoding=\"async\" width=\"295\" height=\"80\" class=\"wp-image-50\" src=\"https:\/\/andarta-finance.fr\/wp-content\/uploads\/2022\/01\/Logo-AMORCE.png\" alt=\"\" \/><\/figure>\n<p><!-- \/wp:image --><\/p>\n<p><!-- wp:paragraph --><\/p>\n<p><!-- \/wp:paragraph --><\/p>\t\t\t\t\t\t<\/div>\n\t\t\t\t<\/div>\n\t\t\t\t\t<\/div>\n\t\t\t\t<\/div>\n\t\t\t\t\t\t\t<\/div>\n\t\t","protected":false},"excerpt":{"rendered":"<p>INTERVENANTE Nadia DONATI Consultante, 54 ans N\u00e9e \u00e0 Paris le 22\/05\/1970 nadia.donati@andarta-finance.fr FORMATION \u2022 Docteur en Economie, Universit\u00e9 Paris-I Panth\u00e9on- Sorbonne (1998). \u2022 D.E.A. d\u2019Economie Math\u00e9matique et d\u2019Econom\u00e9trie, Universit\u00e9 Paris I (1994) PARCOURS PROFESSIONNEL \u2022 Depuis 2011 : g\u00e9rante du cabinet Andarta \u2022 2009 &#8211; 2011 : consultante senior associ\u00e9e au cabinet Stratorial Finances. \u2022 &hellip; <\/p>\n<p class=\"link-more\"><a href=\"https:\/\/andarta-finance.fr\/?page_id=7\" class=\"more-link\">Continue reading<span class=\"screen-reader-text\"> &#8220;Notre \u00e9quipe&#8221;<\/span><\/a><\/p>\n","protected":false},"author":1,"featured_media":0,"parent":0,"menu_order":0,"comment_status":"closed","ping_status":"closed","template":"","meta":{"footnotes":""},"class_list":["post-7","page","type-page","status-publish","hentry"],"_links":{"self":[{"href":"https:\/\/andarta-finance.fr\/index.php?rest_route=\/wp\/v2\/pages\/7","targetHints":{"allow":["GET"]}}],"collection":[{"href":"https:\/\/andarta-finance.fr\/index.php?rest_route=\/wp\/v2\/pages"}],"about":[{"href":"https:\/\/andarta-finance.fr\/index.php?rest_route=\/wp\/v2\/types\/page"}],"author":[{"embeddable":true,"href":"https:\/\/andarta-finance.fr\/index.php?rest_route=\/wp\/v2\/users\/1"}],"replies":[{"embeddable":true,"href":"https:\/\/andarta-finance.fr\/index.php?rest_route=%2Fwp%2Fv2%2Fcomments&post=7"}],"version-history":[{"count":31,"href":"https:\/\/andarta-finance.fr\/index.php?rest_route=\/wp\/v2\/pages\/7\/revisions"}],"predecessor-version":[{"id":191,"href":"https:\/\/andarta-finance.fr\/index.php?rest_route=\/wp\/v2\/pages\/7\/revisions\/191"}],"wp:attachment":[{"href":"https:\/\/andarta-finance.fr\/index.php?rest_route=%2Fwp%2Fv2%2Fmedia&parent=7"}],"curies":[{"name":"wp","href":"https:\/\/api.w.org\/{rel}","templated":true}]}}